{"id":22,"date":"2025-05-17T07:20:16","date_gmt":"2025-05-17T07:20:16","guid":{"rendered":"https:\/\/lintingolo.it\/?page_id=22"},"modified":"2025-05-23T15:12:12","modified_gmt":"2025-05-23T15:12:12","slug":"rassegna-stampa","status":"publish","type":"page","link":"https:\/\/lintingolo.it\/index.php\/rassegna-stampa\/","title":{"rendered":"Rassegna Stampa"},"content":{"rendered":"\t\t<div data-elementor-type=\"wp-page\" data-elementor-id=\"22\" class=\"elementor elementor-22\" data-elementor-post-type=\"page\">\n\t\t\t\t<div class=\"elementor-element elementor-element-3838e44 e-flex e-con-boxed e-con e-parent\" data-id=\"3838e44\" data-element_type=\"container\" data-e-type=\"container\">\n\t\t\t\t\t<div class=\"e-con-inner\">\n\t\t\t\t\t<\/div>\n\t\t\t\t<\/div>\n\t\t<div class=\"elementor-element elementor-element-0c6edc5 e-flex e-con-boxed e-con e-parent\" data-id=\"0c6edc5\" data-element_type=\"container\" data-e-type=\"container\">\n\t\t\t\t\t<div class=\"e-con-inner\">\n\t\t\t\t<div class=\"elementor-element elementor-element-44006ea elementor-widget__width-initial elementor-widget elementor-widget-heading\" data-id=\"44006ea\" data-element_type=\"widget\" data-e-type=\"widget\" data-widget_type=\"heading.default\">\n\t\t\t\t<div class=\"elementor-widget-container\">\n\t\t\t\t\t<h2 class=\"elementor-heading-title elementor-size-default\">Rassegna Stampa<\/h2>\t\t\t\t<\/div>\n\t\t\t\t<\/div>\n\t\t\t\t<div class=\"elementor-element elementor-element-6a49fc4 elementor-widget__width-initial elementor-widget elementor-widget-heading\" data-id=\"6a49fc4\" data-element_type=\"widget\" data-e-type=\"widget\" data-widget_type=\"heading.default\">\n\t\t\t\t<div class=\"elementor-widget-container\">\n\t\t\t\t\t<h2 class=\"elementor-heading-title elementor-size-default\">Nel corso degli anni, L\u2019Intingolo Astesano ha attirato<\/h2>\t\t\t\t<\/div>\n\t\t\t\t<\/div>\n\t\t\t\t\t<\/div>\n\t\t\t\t<\/div>\n\t\t<div class=\"elementor-element elementor-element-5d01c04 e-flex e-con-boxed e-con e-parent\" data-id=\"5d01c04\" data-element_type=\"container\" data-e-type=\"container\">\n\t\t\t\t\t<div class=\"e-con-inner\">\n\t\t\t\t<div class=\"elementor-element elementor-element-decb252 elementor-widget__width-initial elementor-widget elementor-widget-heading\" data-id=\"decb252\" data-element_type=\"widget\" data-e-type=\"widget\" data-widget_type=\"heading.default\">\n\t\t\t\t<div class=\"elementor-widget-container\">\n\t\t\t\t\t<h2 class=\"elementor-heading-title elementor-size-default\">l\u2019attenzione di media e pubblico, ricevendo recensioni lusinghiere e menzioni su portali specializzati. In questa sezione condividiamo con voi alcuni estratti significativi dalla rassegna stampa e dalle recensioni online che parlano di noi:\n<\/h2>\t\t\t\t<\/div>\n\t\t\t\t<\/div>\n\t\t\t\t\t<\/div>\n\t\t\t\t<\/div>\n\t\t<div class=\"elementor-element elementor-element-2cd54ad e-flex e-con-boxed e-con e-parent\" data-id=\"2cd54ad\" data-element_type=\"container\" data-e-type=\"container\">\n\t\t\t\t\t<div class=\"e-con-inner\">\n\t\t\t\t\t<\/div>\n\t\t\t\t<\/div>\n\t\t<div class=\"elementor-element elementor-element-bb7c28c e-flex e-con-boxed e-con e-parent\" data-id=\"bb7c28c\" data-element_type=\"container\" data-e-type=\"container\">\n\t\t\t\t\t<div class=\"e-con-inner\">\n\t\t<div class=\"elementor-element elementor-element-0054df0 e-con-full e-flex e-con e-child\" data-id=\"0054df0\" data-element_type=\"container\" data-e-type=\"container\">\n\t\t\t\t<div class=\"elementor-element elementor-element-be76fa0 elementor-widget__width-initial elementor-widget elementor-widget-heading\" data-id=\"be76fa0\" data-element_type=\"widget\" data-e-type=\"widget\" data-widget_type=\"heading.default\">\n\t\t\t\t<div class=\"elementor-widget-container\">\n\t\t\t\t\t<h2 class=\"elementor-heading-title elementor-size-default\">La Nuova Provincia (12 marzo 2024)<\/h2>\t\t\t\t<\/div>\n\t\t\t\t<\/div>\n\t\t\t\t<div class=\"elementor-element elementor-element-3e43c5b elementor-widget__width-initial elementor-widget elementor-widget-heading\" data-id=\"3e43c5b\" data-element_type=\"widget\" data-e-type=\"widget\" data-widget_type=\"heading.default\">\n\t\t\t\t<div class=\"elementor-widget-container\">\n\t\t\t\t\t<h2 class=\"elementor-heading-title elementor-size-default\">L\u2019Intingolo astesano \u00e8 un consolidato punto di riferimento per le serate di ritrovo all\u2019insegna della buona cucina, apprezzato per la variet\u00e0 e bont\u00e0 delle sue pizze, dei piatti del men\u00f9 della tradizione piemontese e delle ricette che vedono protagonista il pesce\u00bb . Questo importante settimanale locale ha dedicato un articolo al nostro ristorante, sottolineando come la nostra offerta culiniaria sia ampia e di qualit\u00e0. Nell\u2019intervista, i titolari Francisco e Mara hanno potuto raccontare la recente estensione dell\u2019apertura anche ai pranzi quotidiani e l\u2019introduzione delle birre artigianali Baladin alla spina , novit\u00e0 che sono state accolte con entusiasmo dalla clientela. Vedere riconosciuto il nostro impegno su una testata storica della provincia ci ha riempiti di orgoglio: l\u2019articolo evidenzia proprio i punti di forza su cui lavoriamo ogni giorno, ovvero tradizione, innovazione e accoglienza.\n<\/h2>\t\t\t\t<\/div>\n\t\t\t\t<\/div>\n\t\t\t\t<\/div>\n\t\t<div class=\"elementor-element elementor-element-ec78e2a e-con-full e-flex e-con e-child\" data-id=\"ec78e2a\" data-element_type=\"container\" data-e-type=\"container\">\n\t\t\t\t<div class=\"elementor-element elementor-element-92ac018 elementor-widget elementor-widget-image\" data-id=\"92ac018\" data-element_type=\"widget\" data-e-type=\"widget\" data-widget_type=\"image.default\">\n\t\t\t\t<div class=\"elementor-widget-container\">\n\t\t\t\t\t\t\t\t\t\t\t\t\t\t\t<img fetchpriority=\"high\" decoding=\"async\" width=\"831\" height=\"629\" src=\"https:\/\/lintingolo.it\/wp-content\/uploads\/2025\/05\/WhatsApp-Image-2025-04-25-at-22.39.58-3.png\" class=\"attachment-full size-full wp-image-380\" alt=\"\" \/>\t\t\t\t\t\t\t\t\t\t\t\t\t\t\t<\/div>\n\t\t\t\t<\/div>\n\t\t\t\t<\/div>\n\t\t\t\t\t<\/div>\n\t\t\t\t<\/div>\n\t\t<div class=\"elementor-element elementor-element-f95c2ed e-flex e-con-boxed e-con e-parent\" data-id=\"f95c2ed\" data-element_type=\"container\" data-e-type=\"container\">\n\t\t\t\t\t<div class=\"e-con-inner\">\n\t\t\t\t\t<\/div>\n\t\t\t\t<\/div>\n\t\t<div class=\"elementor-element elementor-element-80eeb1e e-flex e-con-boxed e-con e-parent\" data-id=\"80eeb1e\" data-element_type=\"container\" data-e-type=\"container\">\n\t\t\t\t\t<div class=\"e-con-inner\">\n\t\t<div class=\"elementor-element elementor-element-9961af3 e-con-full e-flex e-con e-child\" data-id=\"9961af3\" data-element_type=\"container\" data-e-type=\"container\">\n\t\t\t\t<div class=\"elementor-element elementor-element-5419229 elementor-widget elementor-widget-image\" data-id=\"5419229\" data-element_type=\"widget\" data-e-type=\"widget\" data-widget_type=\"image.default\">\n\t\t\t\t<div class=\"elementor-widget-container\">\n\t\t\t\t\t\t\t\t\t\t\t\t\t\t\t<img decoding=\"async\" width=\"831\" height=\"795\" src=\"https:\/\/lintingolo.it\/wp-content\/uploads\/2025\/05\/806b85095e76d71316192c8b0a11f90eec5c20d11ea9f744d08f923e9a6b3a4b-2.png\" class=\"attachment-large size-large wp-image-493\" alt=\"\" srcset=\"https:\/\/lintingolo.it\/wp-content\/uploads\/2025\/05\/806b85095e76d71316192c8b0a11f90eec5c20d11ea9f744d08f923e9a6b3a4b-2.png 831w, https:\/\/lintingolo.it\/wp-content\/uploads\/2025\/05\/806b85095e76d71316192c8b0a11f90eec5c20d11ea9f744d08f923e9a6b3a4b-2-300x287.png 300w, https:\/\/lintingolo.it\/wp-content\/uploads\/2025\/05\/806b85095e76d71316192c8b0a11f90eec5c20d11ea9f744d08f923e9a6b3a4b-2-768x735.png 768w\" sizes=\"(max-width: 831px) 100vw, 831px\" \/>\t\t\t\t\t\t\t\t\t\t\t\t\t\t\t<\/div>\n\t\t\t\t<\/div>\n\t\t\t\t<\/div>\n\t\t<div class=\"elementor-element elementor-element-5c3efd2 e-con-full e-flex e-con e-child\" data-id=\"5c3efd2\" data-element_type=\"container\" data-e-type=\"container\">\n\t\t\t\t<div class=\"elementor-element elementor-element-1b0fe40 elementor-widget__width-initial elementor-widget elementor-widget-heading\" data-id=\"1b0fe40\" data-element_type=\"widget\" data-e-type=\"widget\" data-widget_type=\"heading.default\">\n\t\t\t\t<div class=\"elementor-widget-container\">\n\t\t\t\t\t<h2 class=\"elementor-heading-title elementor-size-default\">TripAdvisor (Community di viaggiatori)<\/h2>\t\t\t\t<\/div>\n\t\t\t\t<\/div>\n\t\t\t\t<div class=\"elementor-element elementor-element-e9028dc elementor-widget__width-initial elementor-widget elementor-widget-heading\" data-id=\"e9028dc\" data-element_type=\"widget\" data-e-type=\"widget\" data-widget_type=\"heading.default\">\n\t\t\t\t<div class=\"elementor-widget-container\">\n\t\t\t\t\t<h2 class=\"elementor-heading-title elementor-size-default\">sulla piattaforma di recensioni pi\u00f9 nota al mondo vantiamo centinaia di recensioni positive e un punteggio medio che si attesta su 4.5 stelle su 5. I commenti degli utenti mettono spesso in luce la qualit\u00e0 della nostra cucina e del servizio. \u201cMen\u00f9 interessante, buona pizza\u201d scrive ad esempio un utente, \u201cPrimi piatti da veri gourmet, porzioni abbondanti e di qualit\u00e0\u201d aggiunge un altro cliente su un portale di recensioni . Molti ospiti menzionano la variet\u00e0 delle pizze e la bont\u00e0 dell\u2019impasto, altri apprezzano i piatti piemontesi \u201ccome fatti in casa\u201d e l\u2019atmosfera accogliente del locale. Siamo fieri di aver ricevuto negli anni diversi Certificati di Eccellenza da TripAdvisor, segno della costanza con cui manteniamo alto il livello di gradimento. Anche su Google Reviews e Facebook le valutazioni sono ottime: su Facebook ad esempio il 88% delle oltre 60 recensioni ci assegna 5 stelle, con commenti che elogiano sia la cucina che la simpatia del personale. Questa calorosa accoglienza da parte del pubblico online \u00e8 per noi la migliore pubblicit\u00e0 e uno stimolo continuo a migliorare.\n<\/h2>\t\t\t\t<\/div>\n\t\t\t\t<\/div>\n\t\t\t\t<\/div>\n\t\t\t\t\t<\/div>\n\t\t\t\t<\/div>\n\t\t<div class=\"elementor-element elementor-element-eb23620 e-flex e-con-boxed e-con e-parent\" data-id=\"eb23620\" data-element_type=\"container\" data-e-type=\"container\">\n\t\t\t\t\t<div class=\"e-con-inner\">\n\t\t\t\t\t<\/div>\n\t\t\t\t<\/div>\n\t\t<div class=\"elementor-element elementor-element-4c7626d e-flex e-con-boxed e-con e-parent\" data-id=\"4c7626d\" data-element_type=\"container\" data-e-type=\"container\">\n\t\t\t\t\t<div class=\"e-con-inner\">\n\t\t<div class=\"elementor-element elementor-element-d73d729 e-con-full e-flex e-con e-child\" data-id=\"d73d729\" data-element_type=\"container\" data-e-type=\"container\">\n\t\t\t\t<div class=\"elementor-element elementor-element-be09344 elementor-widget__width-initial elementor-widget elementor-widget-heading\" data-id=\"be09344\" data-element_type=\"widget\" data-e-type=\"widget\" data-widget_type=\"heading.default\">\n\t\t\t\t<div class=\"elementor-widget-container\">\n\t\t\t\t\t<h2 class=\"elementor-heading-title elementor-size-default\">Portali e guide del gusto<\/h2>\t\t\t\t<\/div>\n\t\t\t\t<\/div>\n\t\t\t\t<div class=\"elementor-element elementor-element-a80de18 elementor-widget__width-initial elementor-widget elementor-widget-heading\" data-id=\"a80de18\" data-element_type=\"widget\" data-e-type=\"widget\" data-widget_type=\"heading.default\">\n\t\t\t\t<div class=\"elementor-widget-container\">\n\t\t\t\t\t<h2 class=\"elementor-heading-title elementor-size-default\">L\u2019Intingolo Astesano compare inoltre in diverse guide gastronomiche locali e siti specializzati. Il portale GastroRanking ci posiziona tra i primi ristoranti di Asti, sottolineando il servizio professionale e i prezzi ragionevoli. Siamo presenti su Restaurant Guru con il riconoscimento di \u201crecommended\u201d e su PagineGialle il nostro profilo \u00e8 valorizzato da foto e informazioni dettagliate. La nostra adesione al Club Selezione Birre Baladin \u00e8 stata menzionata sul sito ufficiale Baladin tra i locali consigliati per degustare le loro birre . Inoltre, testate nazionali come La Stampa hanno citato L\u2019Intingolo Astesano in articoli sul settore della ristorazione locale, ad esempio parlando della resilienza dei ristoranti astigiani durante periodi complessi: siamo stati riportati come esempio di locale che ha saputo adattarsi offrendo anche servizio a domicilio e asporto.\n<\/h2>\t\t\t\t<\/div>\n\t\t\t\t<\/div>\n\t\t\t\t<\/div>\n\t\t<div class=\"elementor-element elementor-element-544ea48 e-con-full e-flex e-con e-child\" data-id=\"544ea48\" data-element_type=\"container\" data-e-type=\"container\">\n\t\t\t\t<div class=\"elementor-element elementor-element-a2f98ab elementor-widget elementor-widget-image\" data-id=\"a2f98ab\" data-element_type=\"widget\" data-e-type=\"widget\" data-widget_type=\"image.default\">\n\t\t\t\t<div class=\"elementor-widget-container\">\n\t\t\t\t\t\t\t\t\t\t\t\t\t\t\t<img decoding=\"async\" width=\"831\" height=\"804\" src=\"https:\/\/lintingolo.it\/wp-content\/uploads\/2025\/05\/WhatsApp-Image-2025-04-25-at-22.49.39-2.png\" class=\"attachment-large size-large wp-image-494\" alt=\"\" srcset=\"https:\/\/lintingolo.it\/wp-content\/uploads\/2025\/05\/WhatsApp-Image-2025-04-25-at-22.49.39-2.png 831w, https:\/\/lintingolo.it\/wp-content\/uploads\/2025\/05\/WhatsApp-Image-2025-04-25-at-22.49.39-2-300x290.png 300w, https:\/\/lintingolo.it\/wp-content\/uploads\/2025\/05\/WhatsApp-Image-2025-04-25-at-22.49.39-2-768x743.png 768w\" sizes=\"(max-width: 831px) 100vw, 831px\" \/>\t\t\t\t\t\t\t\t\t\t\t\t\t\t\t<\/div>\n\t\t\t\t<\/div>\n\t\t\t\t<\/div>\n\t\t\t\t\t<\/div>\n\t\t\t\t<\/div>\n\t\t<div class=\"elementor-element elementor-element-3b64319 e-flex e-con-boxed e-con e-parent\" data-id=\"3b64319\" data-element_type=\"container\" data-e-type=\"container\">\n\t\t\t\t\t<div class=\"e-con-inner\">\n\t\t\t\t<div class=\"elementor-element elementor-element-873a57d elementor-widget__width-initial elementor-widget elementor-widget-heading\" data-id=\"873a57d\" data-element_type=\"widget\" data-e-type=\"widget\" data-widget_type=\"heading.default\">\n\t\t\t\t<div class=\"elementor-widget-container\">\n\t\t\t\t\t<h2 class=\"elementor-heading-title elementor-size-default\">Queste recensioni e menzioni ci rendono immensamente grati. Ogni parola positiva \u00e8 per noi una conferma che la strada intrapresa \u00e8 quella giusta. Allo stesso tempo, prendiamo ogni critica come spunto per migliorare ulteriormente. Sappiamo che il mondo della ristorazione \u00e8 in continua evoluzione e il giudizio di chi si siede ai nostri tavoli \u00e8 fondamentale. Per questo, nella nostra bacheca interna, conserviamo alcuni estratti di recensioni che ci hanno colpito di pi\u00f9 \u2013 sia elogi che suggerimenti \u2013 come promemoria quotidiano del perch\u00e9 facciamo questo lavoro e di come possiamo crescere ancora.<\/h2>\t\t\t\t<\/div>\n\t\t\t\t<\/div>\n\t\t\t\t<div class=\"elementor-element elementor-element-592ae29 elementor-widget__width-initial elementor-widget elementor-widget-heading\" data-id=\"592ae29\" data-element_type=\"widget\" data-e-type=\"widget\" data-widget_type=\"heading.default\">\n\t\t\t\t<div class=\"elementor-widget-container\">\n\t\t\t\t\t<h2 class=\"elementor-heading-title elementor-size-default\">Invitiamo tutti i nostri ospiti a lasciare un feedback dopo l\u2019esperienza da L\u2019Intingolo Astesano, sui social o sui portali di recensioni: ogni vostra opinione \u00e8 importante. E, naturalmente, ringraziamo di cuore giornalisti, blogger e clienti che hanno speso un po\u2019 del loro tempo per scrivere di noi. La soddisfazione di chi ci sceglie \u00e8 la nostra miglior rassegna stampa, sempre. In futuro continueremo a impegnarci per meritare le vostre 5 stelle e magari guadagnare nuovi articoli entusiasti sulle testate del settore. Vi terremo aggiornati qui sulle novit\u00e0!<\/h2>\t\t\t\t<\/div>\n\t\t\t\t<\/div>\n\t\t\t\t\t<\/div>\n\t\t\t\t<\/div>\n\t\t<div class=\"elementor-element elementor-element-a84ad70 e-flex e-con-boxed e-con e-parent\" data-id=\"a84ad70\" data-element_type=\"container\" data-e-type=\"container\">\n\t\t\t\t\t<div class=\"e-con-inner\">\n\t\t\t\t\t<\/div>\n\t\t\t\t<\/div>\n\t\t\t\t<\/div>\n\t\t","protected":false},"excerpt":{"rendered":"<p>Rassegna Stampa Nel corso degli anni, L\u2019Intingolo Astesano ha attirato l\u2019attenzione di media e pubblico, ricevendo recensioni lusinghiere e menzioni [&hellip;]<\/p>\n","protected":false},"author":1,"featured_media":0,"parent":0,"menu_order":0,"comment_status":"closed","ping_status":"closed","template":"","meta":{"site-sidebar-layout":"no-sidebar","site-content-layout":"","ast-site-content-layout":"full-width-container","site-content-style":"default","site-sidebar-style":"default","ast-global-header-display":"","ast-banner-title-visibility":"","ast-main-header-display":"","ast-hfb-above-header-display":"","ast-hfb-below-header-display":"","ast-hfb-mobile-header-display":"","site-post-title":"disabled","ast-breadcrumbs-content":"","ast-featured-img":"disabled","footer-sml-layout":"","ast-disable-related-posts":"","theme-transparent-header-meta":"","adv-header-id-meta":"","stick-header-meta":"","header-above-stick-meta":"","header-main-stick-meta":"","header-below-stick-meta":"","astra-migrate-meta-layouts":"default","ast-page-background-enabled":"default","ast-page-background-meta":{"desktop":{"background-color":"var(--ast-global-color-5)","background-image":"","background-repeat":"repeat","background-position":"center center","background-size":"auto","background-attachment":"scroll","background-type":"","background-media":"","overlay-type":"","overlay-color":"","overlay-opacity":"","overlay-gradient":""},"tablet":{"background-color":"","background-image":"","background-repeat":"repeat","background-position":"center center","background-size":"auto","background-attachment":"scroll","background-type":"","background-media":"","overlay-type":"","overlay-color":"","overlay-opacity":"","overlay-gradient":""},"mobile":{"background-color":"","background-image":"","background-repeat":"repeat","background-position":"center center","background-size":"auto","background-attachment":"scroll","background-type":"","background-media":"","overlay-type":"","overlay-color":"","overlay-opacity":"","overlay-gradient":""}},"ast-content-background-meta":{"desktop":{"background-color":"var(--ast-global-color-4)","background-image":"","background-repeat":"repeat","background-position":"center center","background-size":"auto","background-attachment":"scroll","background-type":"","background-media":"","overlay-type":"","overlay-color":"","overlay-opacity":"","overlay-gradient":""},"tablet":{"background-color":"var(--ast-global-color-4)","background-image":"","background-repeat":"repeat","background-position":"center center","background-size":"auto","background-attachment":"scroll","background-type":"","background-media":"","overlay-type":"","overlay-color":"","overlay-opacity":"","overlay-gradient":""},"mobile":{"background-color":"var(--ast-global-color-4)","background-image":"","background-repeat":"repeat","background-position":"center center","background-size":"auto","background-attachment":"scroll","background-type":"","background-media":"","overlay-type":"","overlay-color":"","overlay-opacity":"","overlay-gradient":""}},"footnotes":""},"class_list":["post-22","page","type-page","status-publish","hentry"],"_links":{"self":[{"href":"https:\/\/lintingolo.it\/index.php\/wp-json\/wp\/v2\/pages\/22","targetHints":{"allow":["GET"]}}],"collection":[{"href":"https:\/\/lintingolo.it\/index.php\/wp-json\/wp\/v2\/pages"}],"about":[{"href":"https:\/\/lintingolo.it\/index.php\/wp-json\/wp\/v2\/types\/page"}],"author":[{"embeddable":true,"href":"https:\/\/lintingolo.it\/index.php\/wp-json\/wp\/v2\/users\/1"}],"replies":[{"embeddable":true,"href":"https:\/\/lintingolo.it\/index.php\/wp-json\/wp\/v2\/comments?post=22"}],"version-history":[{"count":7,"href":"https:\/\/lintingolo.it\/index.php\/wp-json\/wp\/v2\/pages\/22\/revisions"}],"predecessor-version":[{"id":497,"href":"https:\/\/lintingolo.it\/index.php\/wp-json\/wp\/v2\/pages\/22\/revisions\/497"}],"wp:attachment":[{"href":"https:\/\/lintingolo.it\/index.php\/wp-json\/wp\/v2\/media?parent=22"}],"curies":[{"name":"wp","href":"https:\/\/api.w.org\/{rel}","templated":true}]}}